{"id":1475,"date":"2021-09-03T22:38:30","date_gmt":"2021-09-03T22:38:30","guid":{"rendered":"https:\/\/abecar.com.br\/acampamento\/?page_id=1475"},"modified":"2022-06-19T17:00:06","modified_gmt":"2022-06-19T17:00:06","slug":"estrutura","status":"publish","type":"page","link":"https:\/\/abecar.com.br\/acampamento\/estrutura\/","title":{"rendered":"Estrutura"},"content":{"rendered":"\t\t<div data-elementor-type=\"wp-page\" data-elementor-id=\"1475\" class=\"elementor elementor-1475\">\n\t\t\t\t\t\t<section class=\"elementor-section elementor-top-section elementor-element elementor-element-868ee6f elementor-section-content-top elementor-section-boxed elementor-section-height-default elementor-section-height-default\" data-id=\"868ee6f\" data-element_type=\"section\" data-e-type=\"section\" data-settings=\"{&quot;background_background&quot;:&quot;classic&quot;}\">\n\t\t\t\t\t\t\t<div class=\"elementor-background-overlay\"><\/div>\n\t\t\t\t\t\t\t<div class=\"elementor-container elementor-column-gap-no\">\n\t\t\t\t\t<div class=\"elementor-column elementor-col-100 elementor-top-column elementor-element elementor-element-e2c2fc9\" data-id=\"e2c2fc9\" data-element_type=\"column\" data-e-type=\"column\">\n\t\t\t<div class=\"elementor-widget-wrap\">\n\t\t\t\t\t\t\t<\/div>\n\t\t<\/div>\n\t\t\t\t\t<\/div>\n\t\t<\/section>\n\t\t\t\t<section class=\"elementor-section elementor-top-section elementor-element elementor-element-83dadd9 elementor-section-boxed elementor-section-height-default elementor-section-height-default\" data-id=\"83dadd9\" data-element_type=\"section\" data-e-type=\"section\" data-settings=\"{&quot;background_background&quot;:&quot;classic&quot;}\">\n\t\t\t\t\t\t<div class=\"elementor-container elementor-column-gap-no\">\n\t\t\t\t\t<div class=\"elementor-column elementor-col-100 elementor-top-column elementor-element elementor-element-a03e40f\" data-id=\"a03e40f\" data-element_type=\"column\" data-e-type=\"column\">\n\t\t\t<div class=\"elementor-widget-wrap elementor-element-populated\">\n\t\t\t\t\t\t\t<\/div>\n\t\t<\/div>\n\t\t\t\t\t<\/div>\n\t\t<\/section>\n\t\t\t\t<section class=\"elementor-section elementor-top-section elementor-element elementor-element-6097c87 elementor-section-boxed elementor-section-height-default elementor-section-height-default\" data-id=\"6097c87\" data-element_type=\"section\" data-e-type=\"section\" data-settings=\"{&quot;background_background&quot;:&quot;classic&quot;}\">\n\t\t\t\t\t\t\t<div class=\"elementor-background-overlay\"><\/div>\n\t\t\t\t\t\t\t<div class=\"elementor-container elementor-column-gap-no\">\n\t\t\t\t\t<div class=\"elementor-column elementor-col-100 elementor-top-column elementor-element elementor-element-b046f77\" data-id=\"b046f77\" data-element_type=\"column\" data-e-type=\"column\">\n\t\t\t<div class=\"elementor-widget-wrap elementor-element-populated\">\n\t\t\t\t\t\t<div class=\"elementor-element elementor-element-d468000 elementor-widget elementor-widget-heading\" data-id=\"d468000\" data-element_type=\"widget\" data-e-type=\"widget\" data-widget_type=\"heading.default\">\n\t\t\t\t<div class=\"elementor-widget-container\">\n\t\t\t\t\t<h3 class=\"elementor-heading-title elementor-size-default\">O Acampamento<\/h3>\t\t\t\t<\/div>\n\t\t\t\t<\/div>\n\t\t\t\t<div class=\"elementor-element elementor-element-2c29309 elementor-widget elementor-widget-text-editor\" data-id=\"2c29309\" data-element_type=\"widget\" data-e-type=\"widget\" data-widget_type=\"text-editor.default\">\n\t\t\t\t<div class=\"elementor-widget-container\">\n\t\t\t\t\t\t\t\t\t<p class=\"p1\"><span class=\"s1\">Estrutura<\/span><\/p><p class=\"p2\">* Dormit\u00f3rios feminino e masculino com banheiros (capacidade para 85 pessoas)<\/p><p class=\"p2\">* Restaurante no formato self service<\/p><p class=\"p2\">* Audit\u00f3rio com palco e lareira com capacidade para 120 pessoas<\/p><p class=\"p2\">* \u00c1rea externa espec\u00edfica para &#8216;Culto da Fogueira&#8217; com assentos individuais<\/p><p class=\"p2\"><span class=\"s1\">Lazer<\/span><\/p><p class=\"p2\">* 2 piscinas com vesti\u00e1rios<\/p><p class=\"p2\">* Tobo\u00e1gua<\/p><p class=\"p2\">* Quadra de basquete<\/p><p class=\"p2\">* Quadra de handball \/ futsal<\/p><p class=\"p2\">* Quadra de v\u00f4lei (coberta)<\/p><p class=\"p2\">* Campo de futebol gramado<\/p><p class=\"p2\">* Lago paisag\u00edstico com pedalinho<\/p><p class=\"p2\">* Mini golf<\/p><p class=\"p2\">* Playground<\/p><p class=\"p2\">* Churrasqueira (coberta) em \u00e1rea verde<\/p><p class=\"p2\">* Sal\u00e3o de jogos \/ eventos<\/p><p class=\"p2\">* Trilha na Mata Atl\u00e2ntica com guias (contrata\u00e7\u00e3o \u00e0 parte)<\/p><p class=\"p2\">Agende sua visita. Venha nos conhecer de perto!<\/p>\t\t\t\t\t\t\t\t<\/div>\n\t\t\t\t<\/div>\n\t\t\t\t<div class=\"elementor-element elementor-element-b08e649 elementor-widget elementor-widget-text-editor\" data-id=\"b08e649\" data-element_type=\"widget\" data-e-type=\"widget\" data-widget_type=\"text-editor.default\">\n\t\t\t\t<div class=\"elementor-widget-container\">\n\t\t\t\t\t\t\t\t\t<p class=\"p1\"><span class=\"s1\">Lazer<\/span><\/p><p class=\"p1\">* 2 piscinas com vesti\u00e1rios<\/p><p class=\"p1\">* Tobo\u00e1gua<\/p><p class=\"p1\">* Quadra de basquete<\/p><p class=\"p1\">* Quadra de handball \/ futsal<\/p><p class=\"p1\">* Quadra de v\u00f4lei (coberta)<\/p><p class=\"p1\">* Campo de futebol gramado<\/p><p class=\"p1\">* Lago paisag\u00edstico com pedalinho<\/p><p class=\"p1\">* Mini golf<\/p><p class=\"p1\">* Playground<\/p><p class=\"p1\">* Churrasqueira (coberta) em \u00e1rea verde<\/p><p class=\"p1\">* Sal\u00e3o de jogos \/ eventos<\/p><p class=\"p1\">* Trilha na Mata Atl\u00e2ntica com guias (contrata\u00e7\u00e3o \u00e0 parte)<\/p><p class=\"p1\">Agende sua visita. Venha nos conhecer de perto!<\/p>\t\t\t\t\t\t\t\t<\/div>\n\t\t\t\t<\/div>\n\t\t\t\t<div class=\"elementor-element elementor-element-deb9d48 elementor-widget elementor-widget-button\" data-id=\"deb9d48\" data-element_type=\"widget\" data-e-type=\"widget\" data-widget_type=\"button.default\">\n\t\t\t\t<div class=\"elementor-widget-container\">\n\t\t\t\t\t\t\t\t\t<div class=\"elementor-button-wrapper\">\n\t\t\t\t\t<a class=\"elementor-button elementor-button-link elementor-size-sm\" href=\"https:\/\/abecar.com.br\/acampamento\/contato\/\">\n\t\t\t\t\t\t<span class=\"elementor-button-content-wrapper\">\n\t\t\t\t\t\t\t\t\t<span class=\"elementor-button-text\">Agende uma Visita<\/span>\n\t\t\t\t\t<\/span>\n\t\t\t\t\t<\/a>\n\t\t\t\t<\/div>\n\t\t\t\t\t\t\t\t<\/div>\n\t\t\t\t<\/div>\n\t\t\t\t<div class=\"elementor-element elementor-element-eff1150 elementor-widget-divider--view-line elementor-widget elementor-widget-divider\" data-id=\"eff1150\" data-element_type=\"widget\" data-e-type=\"widget\" data-widget_type=\"divider.default\">\n\t\t\t\t<div class=\"elementor-widget-container\">\n\t\t\t\t\t\t\t<div class=\"elementor-divider\">\n\t\t\t<span class=\"elementor-divider-separator\">\n\t\t\t\t\t\t<\/span>\n\t\t<\/div>\n\t\t\t\t\t\t<\/div>\n\t\t\t\t<\/div>\n\t\t\t\t\t<\/div>\n\t\t<\/div>\n\t\t\t\t\t<\/div>\n\t\t<\/section>\n\t\t\t\t<\/div>\n\t\t","protected":false},"excerpt":{"rendered":"<p>O Acampamento Estrutura * Dormit\u00f3rios feminino e masculino com banheiros (capacidade para 85 pessoas) * Restaurante no formato self service * Audit\u00f3rio com palco e lareira com capacidade para 120 pessoas * \u00c1rea externa espec\u00edfica para &#8216;Culto da Fogueira&#8217; com assentos individuais Lazer * 2 piscinas com vesti\u00e1rios * Tobo\u00e1gua * Quadra de basquete * [&hellip;]<\/p>\n","protected":false},"author":1,"featured_media":0,"parent":0,"menu_order":0,"comment_status":"closed","ping_status":"closed","template":"","meta":{"site-sidebar-layout":"no-sidebar","site-content-layout":"page-builder","ast-site-content-layout":"default","site-content-style":"default","site-sidebar-style":"default","ast-global-header-display":"","ast-banner-title-visibility":"","ast-main-header-display":"","ast-hfb-above-header-display":"","ast-hfb-below-header-display":"","ast-hfb-mobile-header-display":"","site-post-title":"disabled","ast-breadcrumbs-content":"disabled","ast-featured-img":"disabled","footer-sml-layout":"","ast-disable-related-posts":"","theme-transparent-header-meta":"enabled","adv-header-id-meta":"","stick-header-meta":"","header-above-stick-meta":"","header-main-stick-meta":"","header-below-stick-meta":"","astra-migrate-meta-layouts":"default","ast-page-background-enabled":"default","ast-page-background-meta":{"desktop":{"background-color":"","background-image":"","background-repeat":"repeat","background-position":"center center","background-size":"auto","background-attachment":"scroll","background-type":"","background-media":"","overlay-type":"","overlay-color":"","overlay-opacity":"","overlay-gradient":""},"tablet":{"background-color":"","background-image":"","background-repeat":"repeat","background-position":"center center","background-size":"auto","background-attachment":"scroll","background-type":"","background-media":"","overlay-type":"","overlay-color":"","overlay-opacity":"","overlay-gradient":""},"mobile":{"background-color":"","background-image":"","background-repeat":"repeat","background-position":"center center","background-size":"auto","background-attachment":"scroll","background-type":"","background-media":"","overlay-type":"","overlay-color":"","overlay-opacity":"","overlay-gradient":""}},"ast-content-background-meta":{"desktop":{"background-color":"var(--ast-global-color-5)","background-image":"","background-repeat":"repeat","background-position":"center center","background-size":"auto","background-attachment":"scroll","background-type":"","background-media":"","overlay-type":"","overlay-color":"","overlay-opacity":"","overlay-gradient":""},"tablet":{"background-color":"var(--ast-global-color-5)","background-image":"","background-repeat":"repeat","background-position":"center center","background-size":"auto","background-attachment":"scroll","background-type":"","background-media":"","overlay-type":"","overlay-color":"","overlay-opacity":"","overlay-gradient":""},"mobile":{"background-color":"var(--ast-global-color-5)","background-image":"","background-repeat":"repeat","background-position":"center center","background-size":"auto","background-attachment":"scroll","background-type":"","background-media":"","overlay-type":"","overlay-color":"","overlay-opacity":"","overlay-gradient":""}},"_joinchat":[],"footnotes":""},"class_list":["post-1475","page","type-page","status-publish","hentry"],"_links":{"self":[{"href":"https:\/\/abecar.com.br\/acampamento\/wp-json\/wp\/v2\/pages\/1475","targetHints":{"allow":["GET"]}}],"collection":[{"href":"https:\/\/abecar.com.br\/acampamento\/wp-json\/wp\/v2\/pages"}],"about":[{"href":"https:\/\/abecar.com.br\/acampamento\/wp-json\/wp\/v2\/types\/page"}],"author":[{"embeddable":true,"href":"https:\/\/abecar.com.br\/acampamento\/wp-json\/wp\/v2\/users\/1"}],"replies":[{"embeddable":true,"href":"https:\/\/abecar.com.br\/acampamento\/wp-json\/wp\/v2\/comments?post=1475"}],"version-history":[{"count":7,"href":"https:\/\/abecar.com.br\/acampamento\/wp-json\/wp\/v2\/pages\/1475\/revisions"}],"predecessor-version":[{"id":1930,"href":"https:\/\/abecar.com.br\/acampamento\/wp-json\/wp\/v2\/pages\/1475\/revisions\/1930"}],"wp:attachment":[{"href":"https:\/\/abecar.com.br\/acampamento\/wp-json\/wp\/v2\/media?parent=1475"}],"curies":[{"name":"wp","href":"https:\/\/api.w.org\/{rel}","templated":true}]}}