{"id":1320,"date":"2021-08-26T19:17:48","date_gmt":"2021-08-26T19:17:48","guid":{"rendered":"https:\/\/abecar.com.br\/acampamento\/?page_id=1320"},"modified":"2023-01-16T17:15:32","modified_gmt":"2023-01-16T17:15:32","slug":"inscricoes","status":"publish","type":"page","link":"https:\/\/abecar.com.br\/acampamento\/inscricoes\/","title":{"rendered":"Inscri\u00e7\u00f5es"},"content":{"rendered":"\t\t<div data-elementor-type=\"wp-page\" data-elementor-id=\"1320\" class=\"elementor elementor-1320\">\n\t\t\t\t\t\t<section class=\"elementor-section elementor-top-section elementor-element elementor-element-4341276 elementor-section-content-top elementor-section-boxed elementor-section-height-default elementor-section-height-default\" data-id=\"4341276\" data-element_type=\"section\" data-e-type=\"section\" data-settings=\"{&quot;background_background&quot;:&quot;classic&quot;}\">\n\t\t\t\t\t\t\t<div class=\"elementor-background-overlay\"><\/div>\n\t\t\t\t\t\t\t<div class=\"elementor-container elementor-column-gap-no\">\n\t\t\t\t\t<div class=\"elementor-column elementor-col-100 elementor-top-column elementor-element elementor-element-afba34b\" data-id=\"afba34b\" data-element_type=\"column\" data-e-type=\"column\">\n\t\t\t<div class=\"elementor-widget-wrap elementor-element-populated\">\n\t\t\t\t\t\t<div class=\"elementor-element elementor-element-a49186c elementor-widget elementor-widget-heading\" data-id=\"a49186c\" data-element_type=\"widget\" data-e-type=\"widget\" data-widget_type=\"heading.default\">\n\t\t\t\t<div class=\"elementor-widget-container\">\n\t\t\t\t\t<h2 class=\"elementor-heading-title elementor-size-default\">Acampamento de Ver\u00e3o<\/h2>\t\t\t\t<\/div>\n\t\t\t\t<\/div>\n\t\t\t\t\t<\/div>\n\t\t<\/div>\n\t\t\t\t\t<\/div>\n\t\t<\/section>\n\t\t\t\t<section class=\"elementor-section elementor-top-section elementor-element elementor-element-f300ac2 elementor-section-boxed elementor-section-height-default elementor-section-height-default\" data-id=\"f300ac2\" data-element_type=\"section\" data-e-type=\"section\">\n\t\t\t\t\t\t<div class=\"elementor-container elementor-column-gap-default\">\n\t\t\t\t\t<div class=\"elementor-column elementor-col-100 elementor-top-column elementor-element elementor-element-0019f3a\" data-id=\"0019f3a\" data-element_type=\"column\" data-e-type=\"column\">\n\t\t\t<div class=\"elementor-widget-wrap elementor-element-populated\">\n\t\t\t\t\t\t<div class=\"elementor-element elementor-element-1cf671d elementor-widget elementor-widget-heading\" data-id=\"1cf671d\" data-element_type=\"widget\" data-e-type=\"widget\" data-widget_type=\"heading.default\">\n\t\t\t\t<div class=\"elementor-widget-container\">\n\t\t\t\t\t<h2 class=\"elementor-heading-title elementor-size-default\">FA\u00c7A SUA INSCRI\u00c7\u00c3O!<\/h2>\t\t\t\t<\/div>\n\t\t\t\t<\/div>\n\t\t\t\t<div class=\"elementor-element elementor-element-46e8502 elementor-widget elementor-widget-heading\" data-id=\"46e8502\" data-element_type=\"widget\" data-e-type=\"widget\" data-widget_type=\"heading.default\">\n\t\t\t\t<div class=\"elementor-widget-container\">\n\t\t\t\t\t<h2 class=\"elementor-heading-title elementor-size-default\">Acomoda\u00e7\u00f5es e refei\u00e7\u00f5es inclusas<\/h2>\t\t\t\t<\/div>\n\t\t\t\t<\/div>\n\t\t\t\t<section class=\"elementor-section elementor-inner-section elementor-element elementor-element-b7f0a5c elementor-section-boxed elementor-section-height-default elementor-section-height-default\" data-id=\"b7f0a5c\" data-element_type=\"section\" data-e-type=\"section\">\n\t\t\t\t\t\t<div class=\"elementor-container elementor-column-gap-default\">\n\t\t\t\t\t<div class=\"elementor-column elementor-col-50 elementor-inner-column elementor-element elementor-element-bd95125\" data-id=\"bd95125\" data-element_type=\"column\" data-e-type=\"column\">\n\t\t\t<div class=\"elementor-widget-wrap elementor-element-populated\">\n\t\t\t\t\t\t<div class=\"elementor-element elementor-element-0eb472c elementor-widget elementor-widget-image\" data-id=\"0eb472c\" data-element_type=\"widget\" data-e-type=\"widget\" data-widget_type=\"image.default\">\n\t\t\t\t<div class=\"elementor-widget-container\">\n\t\t\t\t\t\t\t\t\t\t\t\t\t\t\t<img fetchpriority=\"high\" decoding=\"async\" width=\"1024\" height=\"1012\" src=\"https:\/\/abecar.com.br\/acampamento\/wp-content\/uploads\/2023\/01\/IMG_DC7A7C653F2B-1-1024x1012.jpeg\" class=\"attachment-large size-large wp-image-1952\" alt=\"\" srcset=\"https:\/\/abecar.com.br\/acampamento\/wp-content\/uploads\/2023\/01\/IMG_DC7A7C653F2B-1-1024x1012.jpeg 1024w, https:\/\/abecar.com.br\/acampamento\/wp-content\/uploads\/2023\/01\/IMG_DC7A7C653F2B-1-300x296.jpeg 300w, https:\/\/abecar.com.br\/acampamento\/wp-content\/uploads\/2023\/01\/IMG_DC7A7C653F2B-1-768x759.jpeg 768w, https:\/\/abecar.com.br\/acampamento\/wp-content\/uploads\/2023\/01\/IMG_DC7A7C653F2B-1.jpeg 1170w\" sizes=\"(max-width: 1024px) 100vw, 1024px\" \/>\t\t\t\t\t\t\t\t\t\t\t\t\t\t\t<\/div>\n\t\t\t\t<\/div>\n\t\t\t\t<div class=\"elementor-element elementor-element-85191cb elementor-align-center elementor-widget elementor-widget-button\" data-id=\"85191cb\" data-element_type=\"widget\" data-e-type=\"widget\" data-widget_type=\"button.default\">\n\t\t\t\t<div class=\"elementor-widget-container\">\n\t\t\t\t\t\t\t\t\t<div class=\"elementor-button-wrapper\">\n\t\t\t\t\t<a class=\"elementor-button elementor-button-link elementor-size-sm\" href=\"https:\/\/sobecomagente.com.br\/oanse\/\">\n\t\t\t\t\t\t<span class=\"elementor-button-content-wrapper\">\n\t\t\t\t\t\t\t\t\t<span class=\"elementor-button-text\">Quero fazer inscri\u00e7\u00e3o<\/span>\n\t\t\t\t\t<\/span>\n\t\t\t\t\t<\/a>\n\t\t\t\t<\/div>\n\t\t\t\t\t\t\t\t<\/div>\n\t\t\t\t<\/div>\n\t\t\t\t\t<\/div>\n\t\t<\/div>\n\t\t\t\t<div class=\"elementor-column elementor-col-50 elementor-inner-column elementor-element elementor-element-d39881b\" data-id=\"d39881b\" data-element_type=\"column\" data-e-type=\"column\">\n\t\t\t<div class=\"elementor-widget-wrap elementor-element-populated\">\n\t\t\t\t\t\t<div class=\"elementor-element elementor-element-7adc0f4 elementor-widget elementor-widget-image\" data-id=\"7adc0f4\" data-element_type=\"widget\" data-e-type=\"widget\" data-widget_type=\"image.default\">\n\t\t\t\t<div class=\"elementor-widget-container\">\n\t\t\t\t\t\t\t\t\t\t\t\t\t\t\t<img decoding=\"async\" width=\"1024\" height=\"1013\" data-src=\"https:\/\/abecar.com.br\/acampamento\/wp-content\/uploads\/2023\/01\/IMG_E89E107EBC73-1-1024x1013.jpeg\" class=\"attachment-large size-large wp-image-1951 lazyload\" alt=\"\" data-srcset=\"https:\/\/abecar.com.br\/acampamento\/wp-content\/uploads\/2023\/01\/IMG_E89E107EBC73-1-1024x1013.jpeg 1024w, https:\/\/abecar.com.br\/acampamento\/wp-content\/uploads\/2023\/01\/IMG_E89E107EBC73-1-300x297.jpeg 300w, https:\/\/abecar.com.br\/acampamento\/wp-content\/uploads\/2023\/01\/IMG_E89E107EBC73-1-768x760.jpeg 768w, https:\/\/abecar.com.br\/acampamento\/wp-content\/uploads\/2023\/01\/IMG_E89E107EBC73-1.jpeg 1170w\" data-sizes=\"(max-width: 1024px) 100vw, 1024px\" src=\"data:image\/svg+xml;base64,PHN2ZyB3aWR0aD0iMSIgaGVpZ2h0PSIxIiB4bWxucz0iaHR0cDovL3d3dy53My5vcmcvMjAwMC9zdmciPjwvc3ZnPg==\" style=\"--smush-placeholder-width: 1024px; --smush-placeholder-aspect-ratio: 1024\/1013;\" \/>\t\t\t\t\t\t\t\t\t\t\t\t\t\t\t<\/div>\n\t\t\t\t<\/div>\n\t\t\t\t<div class=\"elementor-element elementor-element-ad53da6 elementor-align-center elementor-widget elementor-widget-button\" data-id=\"ad53da6\" data-element_type=\"widget\" data-e-type=\"widget\" data-widget_type=\"button.default\">\n\t\t\t\t<div class=\"elementor-widget-container\">\n\t\t\t\t\t\t\t\t\t<div class=\"elementor-button-wrapper\">\n\t\t\t\t\t<a class=\"elementor-button elementor-button-link elementor-size-sm\" href=\"https:\/\/sobecomagente.com.br\/acampa\/\">\n\t\t\t\t\t\t<span class=\"elementor-button-content-wrapper\">\n\t\t\t\t\t\t\t\t\t<span class=\"elementor-button-text\">Quero fazer inscri\u00e7\u00e3o<\/span>\n\t\t\t\t\t<\/span>\n\t\t\t\t\t<\/a>\n\t\t\t\t<\/div>\n\t\t\t\t\t\t\t\t<\/div>\n\t\t\t\t<\/div>\n\t\t\t\t\t<\/div>\n\t\t<\/div>\n\t\t\t\t\t<\/div>\n\t\t<\/section>\n\t\t\t\t<div class=\"elementor-element elementor-element-39a05ea elementor-widget elementor-widget-text-editor\" data-id=\"39a05ea\" data-element_type=\"widget\" data-e-type=\"widget\" data-widget_type=\"text-editor.default\">\n\t\t\t\t<div class=\"elementor-widget-container\">\n\t\t\t\t\t\t\t\t\t<p style=\"text-align: center;\">Depois que voc\u00ea preencher, n\u00f3s entraremos em contato com voc\u00ea<\/p>\t\t\t\t\t\t\t\t<\/div>\n\t\t\t\t<\/div>\n\t\t\t\t<div class=\"elementor-element elementor-element-72d3cc2 elementor-widget elementor-widget-text-editor\" data-id=\"72d3cc2\" data-element_type=\"widget\" data-e-type=\"widget\" data-widget_type=\"text-editor.default\">\n\t\t\t\t<div class=\"elementor-widget-container\">\n\t\t\t\t\t\t\t\t\t<div class=\"elementor-element elementor-element-d468000 elementor-widget elementor-widget-heading\" data-id=\"d468000\" data-element_type=\"widget\" data-widget_type=\"heading.default\"><div class=\"elementor-widget-container\"><h3 class=\"elementor-heading-title elementor-size-default\" style=\"text-align: center;\"><span style=\"color: #008000;\">O Acampamento<\/span><\/h3><\/div><\/div><div class=\"elementor-element elementor-element-2c29309 elementor-widget elementor-widget-text-editor\" data-id=\"2c29309\" data-element_type=\"widget\" data-widget_type=\"text-editor.default\"><div class=\"elementor-widget-container\"><p class=\"p1\" style=\"text-align: center;\"><span class=\"s1\">Estrutura<\/span><\/p><p class=\"p2\" style=\"text-align: center;\">* Dormit\u00f3rios feminino e masculino com banheiros (capacidade para 85 pessoas)<\/p><p class=\"p2\" style=\"text-align: center;\">* Restaurante no formato self service<\/p><p class=\"p2\" style=\"text-align: center;\">* Audit\u00f3rio com palco e lareira com capacidade para 120 pessoas<\/p><p class=\"p2\" style=\"text-align: center;\">* \u00c1rea externa espec\u00edfica para \u2018Culto da Fogueira\u2019 com assentos individuais<\/p><\/div><\/div>\t\t\t\t\t\t\t\t<\/div>\n\t\t\t\t<\/div>\n\t\t\t\t<div class=\"elementor-element elementor-element-ab4150f elementor-align-center elementor-widget elementor-widget-button\" data-id=\"ab4150f\" data-element_type=\"widget\" data-e-type=\"widget\" data-widget_type=\"button.default\">\n\t\t\t\t<div class=\"elementor-widget-container\">\n\t\t\t\t\t\t\t\t\t<div class=\"elementor-button-wrapper\">\n\t\t\t\t\t<a class=\"elementor-button elementor-button-link elementor-size-sm\" href=\"https:\/\/abecar.com.br\/acampamento\/estrutura\/\">\n\t\t\t\t\t\t<span class=\"elementor-button-content-wrapper\">\n\t\t\t\t\t\t\t\t\t<span class=\"elementor-button-text\">Saiba mais<\/span>\n\t\t\t\t\t<\/span>\n\t\t\t\t\t<\/a>\n\t\t\t\t<\/div>\n\t\t\t\t\t\t\t\t<\/div>\n\t\t\t\t<\/div>\n\t\t\t\t\t<\/div>\n\t\t<\/div>\n\t\t\t\t\t<\/div>\n\t\t<\/section>\n\t\t\t\t<section class=\"elementor-section elementor-top-section elementor-element elementor-element-a828491 elementor-section-boxed elementor-section-height-default elementor-section-height-default\" data-id=\"a828491\" data-element_type=\"section\" data-e-type=\"section\">\n\t\t\t\t\t\t<div class=\"elementor-container elementor-column-gap-default\">\n\t\t\t\t\t<div class=\"elementor-column elementor-col-100 elementor-top-column elementor-element elementor-element-dc0439b\" data-id=\"dc0439b\" data-element_type=\"column\" data-e-type=\"column\">\n\t\t\t<div class=\"elementor-widget-wrap elementor-element-populated\">\n\t\t\t\t\t\t<div class=\"elementor-element elementor-element-f8c1f51 elementor-widget elementor-widget-text-editor\" data-id=\"f8c1f51\" data-element_type=\"widget\" data-e-type=\"widget\" data-widget_type=\"text-editor.default\">\n\t\t\t\t<div class=\"elementor-widget-container\">\n\t\t\t\t\t\t\t\t\t<p>\u00a0<\/p><p><blockquote class=\"wp-embedded-content\" data-secret=\"wfU6aKgJZv\"><a href=\"https:\/\/abecar.com.br\/acampamento\/politica-de-privacidade\/\">Politica de Privacidade<\/a><\/blockquote><iframe class=\"wp-embedded-content lazyload\" sandbox=\"allow-scripts\" security=\"restricted\" style=\"position: absolute; clip: rect(1px, 1px, 1px, 1px);\" title=\"&#8220;Politica de Privacidade&#8221; &#8212; \" data-src=\"https:\/\/abecar.com.br\/acampamento\/politica-de-privacidade\/embed\/#?secret=QhlhjYib3u#?secret=wfU6aKgJZv\" data-secret=\"wfU6aKgJZv\" width=\"500\" height=\"282\" frameborder=\"0\" marginwidth=\"0\" marginheight=\"0\" scrolling=\"no\" src=\"data:image\/svg+xml;base64,PHN2ZyB3aWR0aD0iMSIgaGVpZ2h0PSIxIiB4bWxucz0iaHR0cDovL3d3dy53My5vcmcvMjAwMC9zdmciPjwvc3ZnPg==\" data-load-mode=\"1\"><\/iframe><\/p>\t\t\t\t\t\t\t\t<\/div>\n\t\t\t\t<\/div>\n\t\t\t\t\t<\/div>\n\t\t<\/div>\n\t\t\t\t\t<\/div>\n\t\t<\/section>\n\t\t\t\t<\/div>\n\t\t","protected":false},"excerpt":{"rendered":"<p>Acampamento de Ver\u00e3o FA\u00c7A SUA INSCRI\u00c7\u00c3O! Acomoda\u00e7\u00f5es e refei\u00e7\u00f5es inclusas Quero fazer inscri\u00e7\u00e3o Quero fazer inscri\u00e7\u00e3o Depois que voc\u00ea preencher, n\u00f3s entraremos em contato com voc\u00ea O Acampamento Estrutura * Dormit\u00f3rios feminino e masculino com banheiros (capacidade para 85 pessoas) * Restaurante no formato self service * Audit\u00f3rio com palco e lareira com capacidade para [&hellip;]<\/p>\n","protected":false},"author":1,"featured_media":0,"parent":0,"menu_order":0,"comment_status":"closed","ping_status":"closed","template":"","meta":{"site-sidebar-layout":"no-sidebar","site-content-layout":"page-builder","ast-site-content-layout":"default","site-content-style":"default","site-sidebar-style":"default","ast-global-header-display":"","ast-banner-title-visibility":"","ast-main-header-display":"","ast-hfb-above-header-display":"","ast-hfb-below-header-display":"","ast-hfb-mobile-header-display":"","site-post-title":"disabled","ast-breadcrumbs-content":"disabled","ast-featured-img":"disabled","footer-sml-layout":"","ast-disable-related-posts":"","theme-transparent-header-meta":"enabled","adv-header-id-meta":"","stick-header-meta":"","header-above-stick-meta":"","header-main-stick-meta":"","header-below-stick-meta":"","astra-migrate-meta-layouts":"default","ast-page-background-enabled":"default","ast-page-background-meta":{"desktop":{"background-color":"","background-image":"","background-repeat":"repeat","background-position":"center center","background-size":"auto","background-attachment":"scroll","background-type":"","background-media":"","overlay-type":"","overlay-color":"","overlay-opacity":"","overlay-gradient":""},"tablet":{"background-color":"","background-image":"","background-repeat":"repeat","background-position":"center center","background-size":"auto","background-attachment":"scroll","background-type":"","background-media":"","overlay-type":"","overlay-color":"","overlay-opacity":"","overlay-gradient":""},"mobile":{"background-color":"","background-image":"","background-repeat":"repeat","background-position":"center center","background-size":"auto","background-attachment":"scroll","background-type":"","background-media":"","overlay-type":"","overlay-color":"","overlay-opacity":"","overlay-gradient":""}},"ast-content-background-meta":{"desktop":{"background-color":"var(--ast-global-color-5)","background-image":"","background-repeat":"repeat","background-position":"center center","background-size":"auto","background-attachment":"scroll","background-type":"","background-media":"","overlay-type":"","overlay-color":"","overlay-opacity":"","overlay-gradient":""},"tablet":{"background-color":"var(--ast-global-color-5)","background-image":"","background-repeat":"repeat","background-position":"center center","background-size":"auto","background-attachment":"scroll","background-type":"","background-media":"","overlay-type":"","overlay-color":"","overlay-opacity":"","overlay-gradient":""},"mobile":{"background-color":"var(--ast-global-color-5)","background-image":"","background-repeat":"repeat","background-position":"center center","background-size":"auto","background-attachment":"scroll","background-type":"","background-media":"","overlay-type":"","overlay-color":"","overlay-opacity":"","overlay-gradient":""}},"_joinchat":[],"footnotes":""},"class_list":["post-1320","page","type-page","status-publish","hentry"],"_links":{"self":[{"href":"https:\/\/abecar.com.br\/acampamento\/wp-json\/wp\/v2\/pages\/1320","targetHints":{"allow":["GET"]}}],"collection":[{"href":"https:\/\/abecar.com.br\/acampamento\/wp-json\/wp\/v2\/pages"}],"about":[{"href":"https:\/\/abecar.com.br\/acampamento\/wp-json\/wp\/v2\/types\/page"}],"author":[{"embeddable":true,"href":"https:\/\/abecar.com.br\/acampamento\/wp-json\/wp\/v2\/users\/1"}],"replies":[{"embeddable":true,"href":"https:\/\/abecar.com.br\/acampamento\/wp-json\/wp\/v2\/comments?post=1320"}],"version-history":[{"count":274,"href":"https:\/\/abecar.com.br\/acampamento\/wp-json\/wp\/v2\/pages\/1320\/revisions"}],"predecessor-version":[{"id":1958,"href":"https:\/\/abecar.com.br\/acampamento\/wp-json\/wp\/v2\/pages\/1320\/revisions\/1958"}],"wp:attachment":[{"href":"https:\/\/abecar.com.br\/acampamento\/wp-json\/wp\/v2\/media?parent=1320"}],"curies":[{"name":"wp","href":"https:\/\/api.w.org\/{rel}","templated":true}]}}